{"id":13,"date":"2015-03-11T13:33:39","date_gmt":"2015-03-11T12:33:39","guid":{"rendered":"http:\/\/www.mariedesrosierscpa.com\/?page_id=13"},"modified":"2015-07-28T21:08:38","modified_gmt":"2015-07-28T20:08:38","slug":"expertise-cpa","status":"publish","type":"page","link":"https:\/\/saintonge.com\/md\/expertise-cpa\/","title":{"rendered":"Expertise CPA"},"content":{"rendered":"<div class=\"ewf-row\"><div class=\"wpb_column vc_column_container vc_col-sm-3\"><div class=\"ewf-wrapper\">\n\t<div class=\"wpb_single_image wpb_content_element vc_align_center\">\n\t\t<div class=\"ewf-wrapper\">\n\t\t\t\n\t\t\t<div class=\"vc_single_image-wrapper vc_box_shadow_3d  vc_box_border_grey\"><span class=\"vc_box_shadow_3d_wrap\"><img loading=\"lazy\" decoding=\"async\" width=\"200\" height=\"300\" src=\"https:\/\/saintonge.com\/md\/wp-content\/uploads\/2015\/04\/DSC_5433-200x300.jpg\" class=\"vc_single_image-img attachment-medium\" alt=\"Marie Desrosiers\" srcset=\"https:\/\/saintonge.com\/md\/wp-content\/uploads\/2015\/04\/DSC_5433-200x300.jpg 200w, https:\/\/saintonge.com\/md\/wp-content\/uploads\/2015\/04\/DSC_5433-681x1024.jpg 681w, https:\/\/saintonge.com\/md\/wp-content\/uploads\/2015\/04\/DSC_5433.jpg 998w\" sizes=\"auto, (max-width: 200px) 100vw, 200px\" \/><\/span><\/div>\n\t\t<\/div>\n\t<\/div>\n\n\t<div class=\"wpb_text_column wpb_content_element \">\n\t\t<div class=\"ewf-wrapper\">\n\t\t\t<h3 style=\"text-align: center;\"><span style=\"text-decoration: underline; color: #00899a;\">Marie Desrosiers CPA, CA<\/span><\/h3>\n\n\t\t<\/div>\n\t<\/div>\n<\/div><\/div><div class=\"wpb_column vc_column_container vc_col-sm-6\"><div class=\"ewf-wrapper\">\n\t<div class=\"wpb_text_column wpb_content_element \">\n\t\t<div class=\"ewf-wrapper\">\n\t\t\t<h2 style=\"text-align: left;\">Comptable professionnelle agr\u00e9\u00e9e, une expertise<\/h2>\n<p><strong>Marie Desrosiers<\/strong> se consacre, depuis 1981, \u00e0 la prosp\u00e9rit\u00e9 de la petite entreprise qu\u00e9b\u00e9coise ainsi qu&#8217;aux int\u00e9r\u00eats financiers des\u00a0<em>individus<\/em>. Ayant \u00e0 son actif une histoire familiale entrepreneuriale et forte d\u2019une longue exp\u00e9rience du monde des affaires, elle partage avec l\u2019entrepreneur dynamique\u00a0une compr\u00e9hension approfondie des d\u00e9fis qu&#8217;il doit relever.<\/p>\n<p>Nous savons que la paperasse exig\u00e9e des gouvernements peut \u00eatre \u00e9crasante et m\u00eame devenir un frein au bon d\u00e9veloppement de l&#8217;entreprise.\u00a0Marie Desrosiers, CPA, CA offre une disponibilit\u00e9, une int\u00e9grit\u00e9 \u00e0 toute \u00e9preuve\u00a0et une approche adapt\u00e9e \u00e0 vos besoins\u00a0: une aide (expertise) ind\u00e9niable pour l\u2019entrepreneur qu\u00e9b\u00e9cois.\u00a0\u00c0 cet effet, ses <a title=\"Notre gamme de services\" href=\"http:\/\/www.saintonge.com\/md\/services-comptables\/\">services<\/a> s\u2019appuient sur une technologie de l\u2019information performante. De plus, elle conna\u00eet un taux remarquable de succ\u00e8s dans ses n\u00e9gociations aupr\u00e8s des autorit\u00e9s fiscales.<\/p>\n<p>Dipl\u00f4m\u00e9e de HEC Montr\u00e9al du baccalaur\u00e9at en administration des affaires, membre de l\u2019<a title=\"Ordre des comptables professionnels agr\u00e9\u00e9s du Qu\u00e9bec - CPA\" href=\"http:\/\/cpaquebec.ca\/\" target=\"_blank\">Ordre des comptables professionnels agr\u00e9\u00e9s<\/a>, Marie Desrosiers fut charg\u00e9e de cours \u00e0 l\u2019Universit\u00e9 du Qu\u00e9bec \u00e0 Montr\u00e9al (UQAM) de 1982 \u00e0 1995.<\/p>\n<p>Install\u00e9e au centre-ville de Montr\u00e9al, \u00e0 deux pas du m\u00e9tro Place des Arts, dans les locaux d\u2019une \u00e9quipe aguerrie de comptables et de fiscalistes, Marie Desrosiers a cultiv\u00e9 un r\u00e9seau d\u2019affaires important, notamment, elle est membre du R\u00e9seau des femmes d\u2019affaires du Qu\u00e9bec.<\/p>\n\n\t\t<\/div>\n\t<\/div>\n<div class=\"vc_row ewf-row vc_inner\"><div class=\"wpb_column vc_column_container vc_col-sm-12\"><div class=\"ewf-wrapper\"><div class=\"wpb_call_to_action wpb_content_element vc_clearfix cta_align_right\"><a class=\"wpb_button_a\" href=\"http:\/\/www.saintonge.com\/md\/services-comptables\/\"><span class=\"wpb_button  wpb_btn-info wpb_btn-large wpb_arrow\">Nos services <i class=\"icon\"> <\/i><\/span><\/a><h2 class=\"wpb_call_text\"><\/h2><\/div><\/div><\/div><\/div><\/div><\/div><div class=\"wpb_column vc_column_container vc_col-sm-3\"><div class=\"ewf-wrapper\"><ul class=\"vertical-process-builder\"><li><h1>1<\/h1><div class=\"vertical-process-builder-content\"><h3>Expertise<\/h3><p><\/p><\/div><!-- end .process-builder-1-content --><\/li><li><h1>2<\/h1><div class=\"vertical-process-builder-content\"><h3>Disponibilit\u00e9<\/h3><p><\/p><\/div><!-- end .process-builder-1-content --><\/li><li><h1>3<\/h1><div class=\"vertical-process-builder-content\"><h3>Int\u00e9grit\u00e9<\/h3><p><\/p><\/div><!-- end .process-builder-1-content --><\/li><li><h1>4<\/h1><div class=\"vertical-process-builder-content\"><h3>Adaptabilit\u00e9<\/h3><p><\/p><\/div><!-- end .process-builder-1-content --><\/li><\/ul><\/div><\/div><\/div>\n","protected":false},"excerpt":{"rendered":"Marie Desrosiers CPA, CA Comptable professionnelle agr\u00e9\u00e9e, une expertise Marie Desrosiers se consacre, depuis 1981, \u00e0 la prosp\u00e9rit\u00e9 de la petite entreprise qu\u00e9b\u00e9coise ainsi qu'aux int\u00e9r\u00eats financiers des\u00a0individus. Ayant \u00e0 son actif une histoire familiale entrepreneuriale et forte d\u2019une longue exp\u00e9rience du monde des affaires, elle partage avec l\u2019entrepreneur dynamique\u00a0une compr\u00e9hension approfondie des d\u00e9fis qu'il [...]","protected":false},"author":2,"featured_media":0,"parent":0,"menu_order":2,"comment_status":"closed","ping_status":"open","template":"","meta":{"footnotes":""},"class_list":["post-13","page","type-page","status-publish","hentry"],"_links":{"self":[{"href":"https:\/\/saintonge.com\/md\/wp-json\/wp\/v2\/pages\/13","targetHints":{"allow":["GET"]}}],"collection":[{"href":"https:\/\/saintonge.com\/md\/wp-json\/wp\/v2\/pages"}],"about":[{"href":"https:\/\/saintonge.com\/md\/wp-json\/wp\/v2\/types\/page"}],"author":[{"embeddable":true,"href":"https:\/\/saintonge.com\/md\/wp-json\/wp\/v2\/users\/2"}],"replies":[{"embeddable":true,"href":"https:\/\/saintonge.com\/md\/wp-json\/wp\/v2\/comments?post=13"}],"version-history":[{"count":26,"href":"https:\/\/saintonge.com\/md\/wp-json\/wp\/v2\/pages\/13\/revisions"}],"predecessor-version":[{"id":753,"href":"https:\/\/saintonge.com\/md\/wp-json\/wp\/v2\/pages\/13\/revisions\/753"}],"wp:attachment":[{"href":"https:\/\/saintonge.com\/md\/wp-json\/wp\/v2\/media?parent=13"}],"curies":[{"name":"wp","href":"https:\/\/api.w.org\/{rel}","templated":true}]}}