{"id":15,"date":"2015-03-11T13:34:03","date_gmt":"2015-03-11T12:34:03","guid":{"rendered":"http:\/\/www.mariedesrosierscpa.com\/?page_id=15"},"modified":"2016-03-20T00:29:32","modified_gmt":"2016-03-19T23:29:32","slug":"services-comptables","status":"publish","type":"page","link":"https:\/\/saintonge.com\/md\/services-comptables\/","title":{"rendered":"Services comptables"},"content":{"rendered":"<div class=\"ewf-row\"><div class=\"wpb_column vc_column_container vc_col-sm-12\"><div class=\"ewf-wrapper\"><\/div><\/div><\/div><div class=\"ewf-inline-style\"><style media=\"all\" type=\"text\/css\">.vc_custom_1438202070177{border-top-width: 3px !important;padding-top: 30px !important;padding-bottom: 5px !important;background-color: #d8d8d8 !important;}<\/style><\/div><div class=\"ewf-full-width-section\"><div class=\"ewf-row vc_custom_1438202070177 parallax parallax\" style=\"color:#727272;\"><div class=\"wpb_column vc_column_container vc_col-sm-12\"><div class=\"ewf-wrapper\"><div class=\"vc_row ewf-row vc_inner\"><div class=\"wpb_column vc_column_container vc_col-sm-12\"><div class=\"ewf-wrapper\">\n\t<div class=\"wpb_text_column wpb_content_element \">\n\t\t<div class=\"ewf-wrapper\">\n\t\t\t<h2 style=\"text-align: left;\"><strong><span style=\"color: #00899a;\">DES SERVICES COMPTABLES OFFRANT DE L&#8217;INFORMATION FINANCI\u00c8RE FIABLE<\/span><\/strong><\/h2>\n<p><strong><img loading=\"lazy\" decoding=\"async\" class=\"alignright wp-image-626 size-medium\" src=\"http:\/\/www.saintonge.com\/md\/wp-content\/uploads\/2015\/05\/Marie-Desrosiers-gestion-300x217.png\" alt=\"Services comptables\" width=\"300\" height=\"217\" \/>Votre entreprise doit avoir un syst\u00e8me de gestion qui s\u2019appuie sur une information financi\u00e8re fiable, exacte et \u00e0 jour. Le cabinet vous aide \u00e0 faire le bon choix, \u00e0 le maximiser, ou encore \u00e0 l\u2019adapter \u00e0 vos nouveaux besoins.<\/strong><\/p>\n<p><strong>Vos informations financi\u00e8res doivent \u00eatre pr\u00e9sent\u00e9es<\/strong> <strong>dans un format reconnu<\/strong> <strong>tels <span style=\"color: #333300;\"><a style=\"color: #333300;\" href=\"http:\/\/www.saintonge.com\/md\/services-comptables\/etats-financiers\/\">les \u00e9tats financiers<\/a><\/span>\u00a0qui vous permettent de communiquer avec votre environnement d\u2019affaires. Nos <span style=\"color: #333300;\"><a style=\"color: #333300;\" href=\"https:\/\/www.cpacanada.ca\/fr\/la-profession-de-cpa\/ce-que-font-les-cpa\" target=\"_blank\">services comptables<\/a><\/span> contribuent \u00e0 la fiabilit\u00e9 de l\u2019<\/strong><strong>information financi\u00e8re<\/strong><strong> de votre soci\u00e9t\u00e9. Nous vous proposons une approche adapt\u00e9e \u00e0 vos besoins.<\/strong><\/p>\n\n\t\t<\/div>\n\t<\/div>\n<\/div><\/div><\/div><\/div><\/div><\/div><\/div><div class=\"ewf-row\"><div class=\"wpb_column vc_column_container vc_col-sm-3\"><div class=\"ewf-wrapper\">\r\n\t\t\t\t\t<div class=\"icon-box-1\">\r\n\t\t\t\t\t\t<i class=\"ifc-outgoing_data\"><\/i>\r\n\t\t\t\t\t\t<div class=\"icon-box-content\">\r\n\t\t\t\t\t\t\t<h3><a href=\"http:\/\/www.saintonge.com\/md\/services-comptables\/etats-financiers\/\">\u00c9tats financiers<\/a><\/h3>\r\n\t\t\t\t\t\t\t\r\n\t\t\t\t\t\t\t<p>Un outil essentiel au monde des affaires<p class=\"last text-center\"><a class=\"btn\" href=\"http:\/\/www.saintonge.com\/md\/services-comptables\/etats-financiers\/\">...<i class=\"ifc-fast_forward\"><\/i><\/a><\/p><\/p>\r\n\t\t\t\t\t\t\t\r\n\t\t\t\t\t\t<\/div><!-- end .icon-box-content -->\r\n\t\t\t\t\t<\/div><!-- end .icon-box-1 --><\/div><\/div><div class=\"wpb_column vc_column_container vc_col-sm-3\"><div class=\"ewf-wrapper\">\r\n\t\t\t\t\t<div class=\"icon-box-1\">\r\n\t\t\t\t\t\t<i class=\"ifc-plus\"><\/i>\r\n\t\t\t\t\t\t<div class=\"icon-box-content\">\r\n\t\t\t\t\t\t\t<h3><a href=\"http:\/\/www.saintonge.com\/md\/services-comptables\/fiscalite\/\">Fiscalit\u00e9<\/a><\/h3>\r\n\t\t\t\t\t\t\t\r\n\t\t\t\t\t\t\t<p>Une question de viabilit\u00e9 pour l&#8217;entreprise<p class=\"last text-center\"><a class=\"btn\" href=\"http:\/\/www.saintonge.com\/md\/services-comptables\/fiscalite\/\">...<i class=\"ifc-fast_forward\"><\/i><\/a><\/p><\/p>\r\n\t\t\t\t\t\t\t\r\n\t\t\t\t\t\t<\/div><!-- end .icon-box-content -->\r\n\t\t\t\t\t<\/div><!-- end .icon-box-1 --><\/div><\/div><div class=\"wpb_column vc_column_container vc_col-sm-3\"><div class=\"ewf-wrapper\">\r\n\t\t\t\t\t<div class=\"icon-box-1\">\r\n\t\t\t\t\t\t<i class=\"ifc-quote\"><\/i>\r\n\t\t\t\t\t\t<div class=\"icon-box-content\">\r\n\t\t\t\t\t\t\t<h3><a href=\"http:\/\/www.saintonge.com\/md\/services-comptables\/services-conseils\/\">Services-conseils<\/a><\/h3>\r\n\t\t\t\t\t\t\t\r\n\t\t\t\t\t\t\t<p>Des d\u00e9cisions financi\u00e8res et planifications strat\u00e9giques efficaces<p class=\"last text-center\"><a class=\"btn\" href=\"http:\/\/www.saintonge.com\/md\/services-comptables\/services-conseils\/\">...<i class=\"ifc-fast_forward\"><\/i><\/a><\/p><\/p>\r\n\t\t\t\t\t\t\t\r\n\t\t\t\t\t\t<\/div><!-- end .icon-box-content -->\r\n\t\t\t\t\t<\/div><!-- end .icon-box-1 --><\/div><\/div><div class=\"wpb_column vc_column_container vc_col-sm-3\"><div class=\"ewf-wrapper\">\r\n\t\t\t\t\t<div class=\"icon-box-1\">\r\n\t\t\t\t\t\t<i class=\"ifc-control_panel\"><\/i>\r\n\t\t\t\t\t\t<div class=\"icon-box-content\">\r\n\t\t\t\t\t\t\t<h3><a href=\"http:\/\/www.saintonge.com\/md\/services-comptables\/comptabilite\/\">Comptabilit\u00e9 de gestion<\/a><\/h3>\r\n\t\t\t\t\t\t\t\r\n\t\t\t\t\t\t\t<p>Faciliter et maximiser la gestion des donn\u00e9es financi\u00e8res<p class=\"last text-center\"><a class=\"btn\" href=\"http:\/\/www.saintonge.com\/md\/services-comptables\/comptabilite\/\">...<i class=\"ifc-fast_forward\"><\/i><\/a><\/p><\/p>\r\n\t\t\t\t\t\t\t\r\n\t\t\t\t\t\t<\/div><!-- end .icon-box-content -->\r\n\t\t\t\t\t<\/div><!-- end .icon-box-1 --><\/div><\/div><\/div><div class=\"ewf-inline-style\"><style media=\"all\" type=\"text\/css\">.vc_custom_1438203154806{padding-top: 30px !important;padding-bottom: 5px !important;background-color: #62afad !important;}<\/style><\/div><div class=\"ewf-full-width-section\"><div class=\"ewf-row vc_custom_1438203154806 parallax parallax\"><div class=\"wpb_column vc_column_container vc_col-sm-12\"><div class=\"ewf-wrapper\"><div class=\"vc_row ewf-row vc_inner\"><div class=\"wpb_column vc_column_container vc_col-sm-3\"><div class=\"ewf-wrapper\">\n\t<div class=\"wpb_single_image wpb_content_element vc_align_right\">\n\t\t<div class=\"ewf-wrapper\">\n\t\t\t\n\t\t\t<div class=\"vc_single_image-wrapper   vc_box_border_grey\"><img loading=\"lazy\" decoding=\"async\" class=\"vc_single_image-img \" src=\"https:\/\/saintonge.com\/md\/wp-content\/uploads\/2015\/03\/services.png\" width=\"163\" height=\"198\" alt=\"Chez Marie Desrosiers CPA INC, nous ouvrons des portes pour vous et avec vous.\" title=\"services\" \/><\/div>\n\t\t<\/div>\n\t<\/div>\n<\/div><\/div><div class=\"hidehr vc_column_container vc_col-sm-9\"><div class=\"ewf-wrapper\"><div class=\"divider \" style=\"clear:both;padding:8px;\">&nbsp;<\/div><div class=\"headline\"><h1>NOUS OUVRONS DES PORTES POUR VOUS ET AVEC VOUS<\/h1><span class=\"bullet\"><\/span><\/div><\/div><\/div><\/div><\/div><\/div><\/div><\/div>\n","protected":false},"excerpt":{"rendered":".vc_custom_1438202070177{border-top-width: 3px !important;padding-top: 30px !important;padding-bottom: 5px !important;background-color: #d8d8d8 !important;} DES SERVICES COMPTABLES OFFRANT DE L'INFORMATION FINANCI\u00c8RE FIABLE Votre entreprise doit avoir un syst\u00e8me de gestion qui s\u2019appuie sur une information financi\u00e8re fiable, exacte et \u00e0 jour. Le cabinet vous aide \u00e0 faire le bon choix, \u00e0 le maximiser, ou encore \u00e0 l\u2019adapter \u00e0 vos nouveaux [...]","protected":false},"author":2,"featured_media":0,"parent":0,"menu_order":3,"comment_status":"closed","ping_status":"open","template":"","meta":{"footnotes":""},"class_list":["post-15","page","type-page","status-publish","hentry"],"_links":{"self":[{"href":"https:\/\/saintonge.com\/md\/wp-json\/wp\/v2\/pages\/15","targetHints":{"allow":["GET"]}}],"collection":[{"href":"https:\/\/saintonge.com\/md\/wp-json\/wp\/v2\/pages"}],"about":[{"href":"https:\/\/saintonge.com\/md\/wp-json\/wp\/v2\/types\/page"}],"author":[{"embeddable":true,"href":"https:\/\/saintonge.com\/md\/wp-json\/wp\/v2\/users\/2"}],"replies":[{"embeddable":true,"href":"https:\/\/saintonge.com\/md\/wp-json\/wp\/v2\/comments?post=15"}],"version-history":[{"count":45,"href":"https:\/\/saintonge.com\/md\/wp-json\/wp\/v2\/pages\/15\/revisions"}],"predecessor-version":[{"id":953,"href":"https:\/\/saintonge.com\/md\/wp-json\/wp\/v2\/pages\/15\/revisions\/953"}],"wp:attachment":[{"href":"https:\/\/saintonge.com\/md\/wp-json\/wp\/v2\/media?parent=15"}],"curies":[{"name":"wp","href":"https:\/\/api.w.org\/{rel}","templated":true}]}}