{"id":19,"date":"2015-03-11T13:34:58","date_gmt":"2015-03-11T12:34:58","guid":{"rendered":"http:\/\/www.mariedesrosierscpa.com\/?page_id=19"},"modified":"2015-08-21T23:27:49","modified_gmt":"2015-08-21T22:27:49","slug":"fiscalite","status":"publish","type":"page","link":"https:\/\/saintonge.com\/md\/services-comptables\/fiscalite\/","title":{"rendered":"Fiscalit\u00e9"},"content":{"rendered":"<div class=\"ewf-row\"><div class=\"wpb_column vc_column_container vc_col-sm-6\"><div class=\"ewf-wrapper\">\n\t<div class=\"wpb_text_column wpb_content_element \">\n\t\t<div class=\"ewf-wrapper\">\n\t\t\t<h2>Fiscalit\u00e9 de soci\u00e9t\u00e9 et de particulier<\/h2>\n<p>Les questions fiscales s\u2019av\u00e8rent souvent au c\u0153ur des pr\u00e9occupations des entreprises, incluant les travailleurs autonomes, et des particuliers. Tous veulent \u00eatre assur\u00e9s de ne rendre \u00e0 l\u2019\u00c9tat que le montant n\u00e9cessaire et veulent profiter de toutes les exemptions applicables \u00e0 leur situation particuli\u00e8re. La viabilit\u00e9 de l\u2019entreprise parfois en d\u00e9pend. Avec les deux niveaux d\u2019imposition f\u00e9d\u00e9rale et provinciale, il s\u2019agit d\u2019un domaine de plus en plus complexe.<\/p>\n<p>Nous avons d\u00e9velopp\u00e9 une expertise dans l\u2019application des lois et des mesures gouvernementales relatives \u00e0 l\u2019imposition des particuliers et des soci\u00e9t\u00e9s. Nous vous repr\u00e9sentons aupr\u00e8s des autorit\u00e9s fiscales pour plaider avec succ\u00e8s les oppositions aux avis de cotisations.<\/p>\n\n\t\t<\/div>\n\t<\/div>\n<\/div><\/div><div class=\"wpb_column vc_column_container vc_col-sm-6\"><div class=\"ewf-wrapper\">\n\t<div class=\"wpb_tabs wpb_content_element\" data-interval=\"0\">\n\t\t<div class=\"wpb_wrapper wpb_tour_tabs_wrapper ui-tabs vc_clearfix\">\n\t\t\t<ul class=\"wpb_tabs_nav ui-tabs-nav vc_clearfix\"><li><a href=\"#tab-1431024222-1-42\">Soci\u00e9t\u00e9<\/a><\/li><li><a href=\"#tab-1431024222-2-92\">Particulier<\/a><\/li><li><a href=\"#tab-1439564855804-2-5\">Succession<\/a><\/li><\/ul>\n\t<div id=\"tab-1431024222-1-42\" class=\"wpb_tab ui-tabs-panel wpb_ui-tabs-hide vc_clearfix\">\n\t\t<div class=\"vc_row ewf-row vc_inner\"><div class=\"wpb_column vc_column_container vc_col-sm-8\"><div class=\"ewf-wrapper\">\n\t<div class=\"wpb_text_column wpb_content_element \">\n\t\t<div class=\"ewf-wrapper\">\n\t\t\t<p>Votre entreprise doit produire ses d\u00e9clarations d\u2019imp\u00f4ts ad\u00e9quatement, doit b\u00e9n\u00e9ficier de toutes les d\u00e9ductions fiscales qui lui sont permises et en maximiser leur application. Notre vaste exp\u00e9rience nous rend expert en ce domaine.<\/p>\n<ul>\n<li>D\u00e9clarations d\u2019imp\u00f4ts des soci\u00e9t\u00e9s;<\/li>\n<li>Planification fiscale corporative;<\/li>\n<li>Rapport TPS et TVQ;<\/li>\n<li>Assistance et repr\u00e9sentation aupr\u00e8s des autorit\u00e9s fiscales.<\/li>\n<\/ul>\n\n\t\t<\/div>\n\t<\/div>\n<\/div><\/div><div class=\"wpb_column vc_column_container vc_col-sm-4\"><div class=\"ewf-wrapper\">\n\t<div class=\"wpb_single_image wpb_content_element vc_align_right\">\n\t\t<div class=\"ewf-wrapper\">\n\t\t\t\n\t\t\t<div class=\"vc_single_image-wrapper   vc_box_border_grey\"><img loading=\"lazy\" decoding=\"async\" width=\"150\" height=\"150\" src=\"https:\/\/saintonge.com\/md\/wp-content\/uploads\/2015\/03\/fiscalite-societe-150x150.jpg\" class=\"vc_single_image-img attachment-thumbnail\" alt=\"Fiscalit\u00e9 de soci\u00e9t\u00e9\" srcset=\"https:\/\/saintonge.com\/md\/wp-content\/uploads\/2015\/03\/fiscalite-societe-150x150.jpg 150w, https:\/\/saintonge.com\/md\/wp-content\/uploads\/2015\/03\/fiscalite-societe-381x381.jpg 381w, https:\/\/saintonge.com\/md\/wp-content\/uploads\/2015\/03\/fiscalite-societe-50x50.jpg 50w\" sizes=\"auto, (max-width: 150px) 100vw, 150px\" \/><\/div>\n\t\t<\/div>\n\t<\/div>\n<\/div><\/div><\/div>\n\t<\/div>\n\n\t<div id=\"tab-1431024222-2-92\" class=\"wpb_tab ui-tabs-panel wpb_ui-tabs-hide vc_clearfix\">\n\t\t<div class=\"vc_row ewf-row vc_inner\"><div class=\"wpb_column vc_column_container vc_col-sm-3\"><div class=\"ewf-wrapper\">\n\t<div class=\"wpb_single_image wpb_content_element vc_align_left\">\n\t\t<div class=\"ewf-wrapper\">\n\t\t\t\n\t\t\t<div class=\"vc_single_image-wrapper   vc_box_border_grey\"><img loading=\"lazy\" decoding=\"async\" width=\"150\" height=\"150\" src=\"https:\/\/saintonge.com\/md\/wp-content\/uploads\/2015\/03\/fiscalite-particulier-150x150.jpg\" class=\"vc_single_image-img attachment-thumbnail\" alt=\"Fiscalit\u00e9 de particulier\" srcset=\"https:\/\/saintonge.com\/md\/wp-content\/uploads\/2015\/03\/fiscalite-particulier-150x150.jpg 150w, https:\/\/saintonge.com\/md\/wp-content\/uploads\/2015\/03\/fiscalite-particulier-381x381.jpg 381w, https:\/\/saintonge.com\/md\/wp-content\/uploads\/2015\/03\/fiscalite-particulier-50x50.jpg 50w\" sizes=\"auto, (max-width: 150px) 100vw, 150px\" \/><\/div>\n\t\t<\/div>\n\t<\/div>\n<\/div><\/div><div class=\"wpb_column vc_column_container vc_col-sm-9\"><div class=\"ewf-wrapper\">\n\t<div class=\"wpb_text_column wpb_content_element \">\n\t\t<div class=\"ewf-wrapper\">\n\t\t\t<ul>\n<li>Consultation en fiscalit\u00e9;<\/li>\n<li>D\u00e9clarations d\u2019imp\u00f4ts des particuliers: particuli\u00e8rement les travailleurs autonomes, les propri\u00e9t\u00e9s \u00e0 revenus et revenus de placements;<\/li>\n<li>D\u00e9clarations d\u2019imp\u00f4ts des fiducies;<\/li>\n<li>Planification fiscale personnelle;<\/li>\n<li>Assistance et repr\u00e9sentation aupr\u00e8s des autorit\u00e9s fiscales.<\/li>\n<\/ul>\n\n\t\t<\/div>\n\t<\/div>\n<\/div><\/div><\/div>\n\t<\/div>\n\n\t<div id=\"tab-1439564855804-2-5\" class=\"wpb_tab ui-tabs-panel wpb_ui-tabs-hide vc_clearfix\">\n\t\t<div class=\"vc_row ewf-row vc_inner\"><div class=\"wpb_column vc_column_container vc_col-sm-9\"><div class=\"ewf-wrapper\">\n\t<div class=\"wpb_text_column wpb_content_element \">\n\t\t<div class=\"ewf-wrapper\">\n\t\t\t<p>Nous aidons les responsables d&#8217;une succession pour les:<\/p>\n<ul>\n<li>D\u00e9clarations d\u2019imp\u00f4ts de particulier ou de fiducie testamentaire;<\/li>\n<li>Demandes de d\u00e9charge pour clore le dossier fiscal et permettre la liquidation de la succession et la distribution aux h\u00e9ritiers.<\/li>\n<\/ul>\n\n\t\t<\/div>\n\t<\/div>\n<\/div><\/div><div class=\"wpb_column vc_column_container vc_col-sm-3\"><div class=\"ewf-wrapper\">\n\t<div class=\"wpb_single_image wpb_content_element vc_align_left\">\n\t\t<div class=\"ewf-wrapper\">\n\t\t\t\n\t\t\t<div class=\"vc_single_image-wrapper   vc_box_border_grey\"><img loading=\"lazy\" decoding=\"async\" width=\"150\" height=\"150\" src=\"https:\/\/saintonge.com\/md\/wp-content\/uploads\/2015\/03\/succession-fiscalite-1-150x150.png\" class=\"vc_single_image-img attachment-thumbnail\" alt=\"Fiscalit\u00e9 et succession\" srcset=\"https:\/\/saintonge.com\/md\/wp-content\/uploads\/2015\/03\/succession-fiscalite-1-150x150.png 150w, https:\/\/saintonge.com\/md\/wp-content\/uploads\/2015\/03\/succession-fiscalite-1-381x381.png 381w, https:\/\/saintonge.com\/md\/wp-content\/uploads\/2015\/03\/succession-fiscalite-1-50x50.png 50w\" sizes=\"auto, (max-width: 150px) 100vw, 150px\" \/><\/div>\n\t\t<\/div>\n\t<\/div>\n<\/div><\/div><\/div>\n\t<\/div>\n\n\t\t<\/div>\n\t<\/div>\n<\/div><\/div><\/div>\n","protected":false},"excerpt":{"rendered":"Fiscalit\u00e9 de soci\u00e9t\u00e9 et de particulier Les questions fiscales s\u2019av\u00e8rent souvent au c\u0153ur des pr\u00e9occupations des entreprises, incluant les travailleurs autonomes, et des particuliers. Tous veulent \u00eatre assur\u00e9s de ne rendre \u00e0 l\u2019\u00c9tat que le montant n\u00e9cessaire et veulent profiter de toutes les exemptions applicables \u00e0 leur situation particuli\u00e8re. La viabilit\u00e9 de l\u2019entreprise parfois en [...]","protected":false},"author":2,"featured_media":0,"parent":15,"menu_order":2,"comment_status":"closed","ping_status":"open","template":"","meta":{"footnotes":""},"class_list":["post-19","page","type-page","status-publish","hentry"],"_links":{"self":[{"href":"https:\/\/saintonge.com\/md\/wp-json\/wp\/v2\/pages\/19","targetHints":{"allow":["GET"]}}],"collection":[{"href":"https:\/\/saintonge.com\/md\/wp-json\/wp\/v2\/pages"}],"about":[{"href":"https:\/\/saintonge.com\/md\/wp-json\/wp\/v2\/types\/page"}],"author":[{"embeddable":true,"href":"https:\/\/saintonge.com\/md\/wp-json\/wp\/v2\/users\/2"}],"replies":[{"embeddable":true,"href":"https:\/\/saintonge.com\/md\/wp-json\/wp\/v2\/comments?post=19"}],"version-history":[{"count":16,"href":"https:\/\/saintonge.com\/md\/wp-json\/wp\/v2\/pages\/19\/revisions"}],"predecessor-version":[{"id":933,"href":"https:\/\/saintonge.com\/md\/wp-json\/wp\/v2\/pages\/19\/revisions\/933"}],"up":[{"embeddable":true,"href":"https:\/\/saintonge.com\/md\/wp-json\/wp\/v2\/pages\/15"}],"wp:attachment":[{"href":"https:\/\/saintonge.com\/md\/wp-json\/wp\/v2\/media?parent=19"}],"curies":[{"name":"wp","href":"https:\/\/api.w.org\/{rel}","templated":true}]}}