{"id":21,"date":"2015-03-11T13:35:21","date_gmt":"2015-03-11T12:35:21","guid":{"rendered":"http:\/\/www.mariedesrosierscpa.com\/?page_id=21"},"modified":"2015-08-21T23:30:47","modified_gmt":"2015-08-21T22:30:47","slug":"services-conseils","status":"publish","type":"page","link":"https:\/\/saintonge.com\/md\/services-comptables\/services-conseils\/","title":{"rendered":"Services-conseils d&#8217;entreprise"},"content":{"rendered":"<div class=\"ewf-row\"><div class=\"wpb_column vc_column_container vc_col-sm-6\"><div class=\"ewf-wrapper\">\n\t<div class=\"wpb_text_column wpb_content_element \">\n\t\t<div class=\"ewf-wrapper\">\n\t\t\t<h2>Une analyse financi\u00e8re strat\u00e9gique<\/h2>\n<p>Notre r\u00f4le est de vous \u00e9pauler dans vos d\u00e9cisions financi\u00e8res et planifications strat\u00e9giques. Vous cherchez des conseils avis\u00e9s et des recommandations appropri\u00e9es. C\u2019est pourquoi, en tout temps, nous nous faisons un devoir d\u2019\u00eatre pr\u00e9sents et \u00e0 l\u2019\u00e9coute de vos besoins \u00e0 chaque \u00e9tape du cycle de vie de votre entreprise. Nous pouvons \u00e9galement vous recommander des experts et travailler de concert avec eux pour assurer une vision globale de votre situation financi\u00e8re.<\/p>\n<p>Ci-contre, quelques exemples de situation qui n\u00e9cessitent d&#8217;avoir recours \u00e0 nos services-conseils.<\/p>\n\n\t\t<\/div>\n\t<\/div>\n<\/div><\/div><div class=\"wpb_column vc_column_container vc_col-sm-6\"><div class=\"ewf-wrapper\">\n\t<div class=\"wpb_tabs wpb_content_element\" data-interval=\"0\">\n\t\t<div class=\"wpb_wrapper wpb_tour_tabs_wrapper ui-tabs vc_clearfix\">\n\t\t\t<ul class=\"wpb_tabs_nav ui-tabs-nav vc_clearfix\"><li><a href=\"#tab-1431024635-1-49\">Analyses<\/a><\/li><li><a href=\"#tab-1431024644385-1-6\">D\u00e9marrage<\/a><\/li><\/ul>\n\t<div id=\"tab-1431024635-1-49\" class=\"wpb_tab ui-tabs-panel wpb_ui-tabs-hide vc_clearfix\">\n\t\t<div class=\"vc_row ewf-row vc_inner\"><div class=\"wpb_column vc_column_container vc_col-sm-4\"><div class=\"ewf-wrapper\">\n\t<div class=\"wpb_single_image wpb_content_element vc_align_left\">\n\t\t<div class=\"ewf-wrapper\">\n\t\t\t\n\t\t\t<div class=\"vc_single_image-wrapper   vc_box_border_grey\"><img loading=\"lazy\" decoding=\"async\" width=\"150\" height=\"150\" src=\"https:\/\/saintonge.com\/md\/wp-content\/uploads\/2015\/06\/bureau-150x150.jpg\" class=\"vc_single_image-img attachment-thumbnail\" alt=\"bureau\" srcset=\"https:\/\/saintonge.com\/md\/wp-content\/uploads\/2015\/06\/bureau-150x150.jpg 150w, https:\/\/saintonge.com\/md\/wp-content\/uploads\/2015\/06\/bureau-381x381.jpg 381w, https:\/\/saintonge.com\/md\/wp-content\/uploads\/2015\/06\/bureau-50x50.jpg 50w\" sizes=\"auto, (max-width: 150px) 100vw, 150px\" \/><\/div>\n\t\t<\/div>\n\t<\/div>\n<\/div><\/div><div class=\"wpb_column vc_column_container vc_col-sm-8\"><div class=\"ewf-wrapper\">\n\t<div class=\"wpb_text_column wpb_content_element \">\n\t\t<div class=\"ewf-wrapper\">\n\t\t\t<p>Rehaussement ou mise \u00e0 jour des syst\u00e8mes d&#8217;information financi\u00e8re:<\/p>\n<ul>\n<li>syst\u00e8mes comptables;<\/li>\n<li>syst\u00e8mes de contr\u00f4le interne;<\/li>\n<li>contr\u00f4le budg\u00e9taire.<\/li>\n<\/ul>\n\n\t\t<\/div>\n\t<\/div>\n<\/div><\/div><\/div>\n\t<\/div>\n\n\t<div id=\"tab-1431024644385-1-6\" class=\"wpb_tab ui-tabs-panel wpb_ui-tabs-hide vc_clearfix\">\n\t\t<div class=\"vc_row ewf-row vc_inner\"><div class=\"wpb_column vc_column_container vc_col-sm-8\"><div class=\"ewf-wrapper\">\n\t<div class=\"wpb_text_column wpb_content_element \">\n\t\t<div class=\"ewf-wrapper\">\n\t\t\t<ul>\n<li>D\u00e9marrage d&#8217;entreprise au Canada;<\/li>\n<li>Plan d&#8217;affaires.<\/li>\n<\/ul>\n\n\t\t<\/div>\n\t<\/div>\n<\/div><\/div><div class=\"wpb_column vc_column_container vc_col-sm-4\"><div class=\"ewf-wrapper\">\n\t<div class=\"wpb_single_image wpb_content_element vc_align_center\">\n\t\t<div class=\"ewf-wrapper\">\n\t\t\t\n\t\t\t<div class=\"vc_single_image-wrapper   vc_box_border_grey\"><img loading=\"lazy\" decoding=\"async\" width=\"150\" height=\"150\" src=\"https:\/\/saintonge.com\/md\/wp-content\/uploads\/2015\/03\/entrepreneur-demarrage-150x150.jpg\" class=\"vc_single_image-img attachment-thumbnail\" alt=\"Entreprise en d\u00e9marrage\" srcset=\"https:\/\/saintonge.com\/md\/wp-content\/uploads\/2015\/03\/entrepreneur-demarrage-150x150.jpg 150w, https:\/\/saintonge.com\/md\/wp-content\/uploads\/2015\/03\/entrepreneur-demarrage-381x381.jpg 381w, https:\/\/saintonge.com\/md\/wp-content\/uploads\/2015\/03\/entrepreneur-demarrage-50x50.jpg 50w\" sizes=\"auto, (max-width: 150px) 100vw, 150px\" \/><\/div>\n\t\t<\/div>\n\t<\/div>\n<\/div><\/div><\/div>\n\t<\/div>\n\n\t\t<\/div>\n\t<\/div>\n<\/div><\/div><\/div>\n","protected":false},"excerpt":{"rendered":"Une analyse financi\u00e8re strat\u00e9gique Notre r\u00f4le est de vous \u00e9pauler dans vos d\u00e9cisions financi\u00e8res et planifications strat\u00e9giques. Vous cherchez des conseils avis\u00e9s et des recommandations appropri\u00e9es. C\u2019est pourquoi, en tout temps, nous nous faisons un devoir d\u2019\u00eatre pr\u00e9sents et \u00e0 l\u2019\u00e9coute de vos besoins \u00e0 chaque \u00e9tape du cycle de vie de votre entreprise. Nous [...]","protected":false},"author":2,"featured_media":0,"parent":15,"menu_order":3,"comment_status":"closed","ping_status":"open","template":"","meta":{"footnotes":""},"class_list":["post-21","page","type-page","status-publish","hentry"],"_links":{"self":[{"href":"https:\/\/saintonge.com\/md\/wp-json\/wp\/v2\/pages\/21","targetHints":{"allow":["GET"]}}],"collection":[{"href":"https:\/\/saintonge.com\/md\/wp-json\/wp\/v2\/pages"}],"about":[{"href":"https:\/\/saintonge.com\/md\/wp-json\/wp\/v2\/types\/page"}],"author":[{"embeddable":true,"href":"https:\/\/saintonge.com\/md\/wp-json\/wp\/v2\/users\/2"}],"replies":[{"embeddable":true,"href":"https:\/\/saintonge.com\/md\/wp-json\/wp\/v2\/comments?post=21"}],"version-history":[{"count":17,"href":"https:\/\/saintonge.com\/md\/wp-json\/wp\/v2\/pages\/21\/revisions"}],"predecessor-version":[{"id":715,"href":"https:\/\/saintonge.com\/md\/wp-json\/wp\/v2\/pages\/21\/revisions\/715"}],"up":[{"embeddable":true,"href":"https:\/\/saintonge.com\/md\/wp-json\/wp\/v2\/pages\/15"}],"wp:attachment":[{"href":"https:\/\/saintonge.com\/md\/wp-json\/wp\/v2\/media?parent=21"}],"curies":[{"name":"wp","href":"https:\/\/api.w.org\/{rel}","templated":true}]}}