{"id":23,"date":"2015-03-11T13:35:40","date_gmt":"2015-03-11T12:35:40","guid":{"rendered":"http:\/\/www.mariedesrosierscpa.com\/?page_id=23"},"modified":"2016-03-19T23:50:15","modified_gmt":"2016-03-19T22:50:15","slug":"comptabilite-de-gestion","status":"publish","type":"page","link":"https:\/\/saintonge.com\/md\/services-comptables\/comptabilite-de-gestion\/","title":{"rendered":"Comptabilit\u00e9 de gestion"},"content":{"rendered":"<div class=\"ewf-row\"><div class=\"wpb_column vc_column_container vc_col-sm-6\"><div class=\"ewf-wrapper\">\n\t<div class=\"wpb_text_column wpb_content_element \">\n\t\t<div class=\"ewf-wrapper\">\n\t\t\t<h2>Pour une saine gestion des donn\u00e9es financi\u00e8res<\/h2>\n<p>La compilation des informations financi\u00e8res s\u2019effectue facilement avec des logiciels comptables fiables qui permettent de bien structurer les donn\u00e9es n\u00e9cessaires ou pertinentes (<a href=\"https:\/\/www.cpacanada.ca\/fr\/ressources-en-comptabilite-et-en-affaires\/comptabilite-de-gestion\" target=\"_blank\">comptabilit\u00e9 de gestion<\/a>). Le logiciel Sage-Simple Comptable est un des plus utilis\u00e9s. Nous pouvons vous accompagner pour l\u2019adapter \u00e0 votre situation particuli\u00e8re. Ce logiciel (ou tout autre logiciel comptable) permet \u00e9galement, avant la pr\u00e9paration des \u00e9tats financiers, de s\u2019assurer de la bonne compilation des donn\u00e9es financi\u00e8res. De plus, nous aidons aussi nos clients \u00e0 utiliser le chiffrier \u00e9lectronique (Excel).<\/p>\n<p>Ainsi, gr\u00e2ce \u00e0 l\u2019usage de ces logiciels, nos clients profitent de notre savoir-faire afin de faciliter et maximiser la gestion de leurs donn\u00e9es financi\u00e8res. De plus, ils sont mieux outill\u00e9s pour analyser les aspects critiques de leurs revenus et d\u00e9penses et de leur rentabilit\u00e9.<\/p>\n\n\t\t<\/div>\n\t<\/div>\n<\/div><\/div><div class=\"wpb_column vc_column_container vc_col-sm-6\"><div class=\"ewf-wrapper\">\n\t<div class=\"wpb_single_image wpb_content_element vc_align_center\">\n\t\t<div class=\"ewf-wrapper\">\n\t\t\t\n\t\t\t<div class=\"vc_single_image-wrapper vc_box_shadow_3d  vc_box_border_grey\"><span class=\"vc_box_shadow_3d_wrap\"><img loading=\"lazy\" decoding=\"async\" width=\"300\" height=\"203\" src=\"https:\/\/saintonge.com\/md\/wp-content\/uploads\/2014\/07\/4-300x203.jpg\" class=\"vc_single_image-img attachment-medium\" alt=\"\" srcset=\"https:\/\/saintonge.com\/md\/wp-content\/uploads\/2014\/07\/4-300x203.jpg 300w, https:\/\/saintonge.com\/md\/wp-content\/uploads\/2014\/07\/4.jpg 770w, https:\/\/saintonge.com\/md\/wp-content\/uploads\/2014\/07\/4-381x257.jpg 381w\" sizes=\"auto, (max-width: 300px) 100vw, 300px\" \/><\/span><\/div>\n\t\t<\/div>\n\t<\/div>\n\n\t<div class=\"wpb_text_column wpb_content_element \">\n\t\t<div class=\"ewf-wrapper\">\n\t\t\t<h3><span style=\"color: #00899a;\"><strong>Placements financiers<br \/>\n<\/strong><\/span><\/h3>\n<p>Vous avez \u00e9conomis\u00e9 un patrimoine important que vous avez investi et diversifi\u00e9 dans diff\u00e9rents placements. Il est essentiel de contr\u00f4ler leurs achats, ventes, gain ou perte et leurs rendements. Nos services vous aident \u00e0 faire un suivi efficace de votre portefeuille.<\/p>\n<p>En autres, nos services s\u2019assurent que vos feuillets fiscaux sont exacts et complets par rapport \u00e0 votre portefeuille.<\/p>\n<p>Il est important de tenir compte des variations de taux de change.<\/p>\n<p>Le gouvernement f\u00e9d\u00e9ral exige pour tout particulier et soci\u00e9t\u00e9 de d\u00e9tailler leurs investissements \u00e9trangers ayant un co\u00fbt total de plus de 100\u00a0000$.<\/p>\n\n\t\t<\/div>\n\t<\/div>\n<\/div><\/div><\/div>\n","protected":false},"excerpt":{"rendered":"Pour une saine gestion des donn\u00e9es financi\u00e8res La compilation des informations financi\u00e8res s\u2019effectue facilement avec des logiciels comptables fiables qui permettent de bien structurer les donn\u00e9es n\u00e9cessaires ou pertinentes (comptabilit\u00e9 de gestion). Le logiciel Sage-Simple Comptable est un des plus utilis\u00e9s. Nous pouvons vous accompagner pour l\u2019adapter \u00e0 votre situation particuli\u00e8re. Ce logiciel (ou tout [...]","protected":false},"author":2,"featured_media":0,"parent":15,"menu_order":4,"comment_status":"closed","ping_status":"open","template":"","meta":{"footnotes":""},"class_list":["post-23","page","type-page","status-publish","hentry"],"_links":{"self":[{"href":"https:\/\/saintonge.com\/md\/wp-json\/wp\/v2\/pages\/23","targetHints":{"allow":["GET"]}}],"collection":[{"href":"https:\/\/saintonge.com\/md\/wp-json\/wp\/v2\/pages"}],"about":[{"href":"https:\/\/saintonge.com\/md\/wp-json\/wp\/v2\/types\/page"}],"author":[{"embeddable":true,"href":"https:\/\/saintonge.com\/md\/wp-json\/wp\/v2\/users\/2"}],"replies":[{"embeddable":true,"href":"https:\/\/saintonge.com\/md\/wp-json\/wp\/v2\/comments?post=23"}],"version-history":[{"count":17,"href":"https:\/\/saintonge.com\/md\/wp-json\/wp\/v2\/pages\/23\/revisions"}],"predecessor-version":[{"id":943,"href":"https:\/\/saintonge.com\/md\/wp-json\/wp\/v2\/pages\/23\/revisions\/943"}],"up":[{"embeddable":true,"href":"https:\/\/saintonge.com\/md\/wp-json\/wp\/v2\/pages\/15"}],"wp:attachment":[{"href":"https:\/\/saintonge.com\/md\/wp-json\/wp\/v2\/media?parent=23"}],"curies":[{"name":"wp","href":"https:\/\/api.w.org\/{rel}","templated":true}]}}