{"id":31,"date":"2015-03-11T13:37:01","date_gmt":"2015-03-11T12:37:01","guid":{"rendered":"http:\/\/www.mariedesrosierscpa.com\/?page_id=31"},"modified":"2015-07-31T22:20:09","modified_gmt":"2015-07-31T21:20:09","slug":"liens-utiles","status":"publish","type":"page","link":"https:\/\/saintonge.com\/md\/ressources\/liens-utiles\/","title":{"rendered":"Liens utiles"},"content":{"rendered":"<div class=\"ewf-inline-style\"><style media=\"all\" type=\"text\/css\">.vc_custom_1434741955807{padding-top: 30px !important;padding-bottom: 5px !important;background-color: #00899a !important;}<\/style><\/div><div class=\"ewf-full-width-section\"><div class=\"ewf-row vc_custom_1434741955807 parallax parallax\" style=\"color:#00899a;\"><div class=\"wpb_column vc_column_container vc_col-sm-12\"><div class=\"ewf-wrapper\"><div class=\"vc_row ewf-row vc_inner\"><div class=\"wpb_column vc_column_container vc_col-sm-10\"><div class=\"ewf-wrapper\">\n\t<div class=\"wpb_text_column wpb_content_element \">\n\t\t<div class=\"ewf-wrapper\">\n\t\t\t<h2>Liens utiles pour mieux vous guider<\/h2>\n<p><span style=\"color: #000000;\">Pour obtenir plus d&#8217;information pratique, visitez notre page <span style=\"color: #a60069;\"><a style=\"color: #a60069;\" title=\"Documentation\" href=\"http:\/\/www.saintonge.com\/md\/ressources\/documentation\/\">Documentation<\/a><\/span>.<\/span><\/p>\n\n\t\t<\/div>\n\t<\/div>\n<\/div><\/div><div class=\"wpb_column vc_column_container vc_col-sm-2\"><div class=\"ewf-wrapper\">\n\t<div class=\"wpb_single_image wpb_content_element vc_align_right\">\n\t\t<div class=\"ewf-wrapper\">\n\t\t\t\n\t\t\t<div class=\"vc_single_image-wrapper vc_box_outline  vc_box_border_juicy_pink\"><img loading=\"lazy\" decoding=\"async\" width=\"150\" height=\"150\" src=\"https:\/\/saintonge.com\/md\/wp-content\/uploads\/2015\/03\/Liens-utiles-v1-150x150.png\" class=\"vc_single_image-img attachment-thumbnail\" alt=\"Liens utiles\" srcset=\"https:\/\/saintonge.com\/md\/wp-content\/uploads\/2015\/03\/Liens-utiles-v1-150x150.png 150w, https:\/\/saintonge.com\/md\/wp-content\/uploads\/2015\/03\/Liens-utiles-v1-381x381.png 381w, https:\/\/saintonge.com\/md\/wp-content\/uploads\/2015\/03\/Liens-utiles-v1-50x50.png 50w\" sizes=\"auto, (max-width: 150px) 100vw, 150px\" \/><\/div>\n\t\t<\/div>\n\t<\/div>\n<\/div><\/div><\/div><\/div><\/div><\/div><\/div><div class=\"ewf-row\"><div class=\"wpb_column vc_column_container vc_col-sm-12\"><div class=\"ewf-wrapper\"><div class=\"vc_row ewf-row vc_inner\"><div class=\"wpb_column vc_column_container vc_col-sm-12\"><div class=\"ewf-wrapper\">\n\t<div class=\"wpb_accordion wpb_content_element  not-column-inherit\" data-collapsible=\"yes\" data-vc-disable-keydown=\"false\" data-active-tab=\"\"false\"\">\n\t\t<div class=\"wpb_wrapper wpb_accordion_wrapper ui-accordion\">\n\n\n\t<div class=\"wpb_accordion_section group\">\n\t\t<h3 class=\"wpb_accordion_header ui-accordion-header\"><a href=\"#agence-du-revenu-du-canada\">Agence du revenu du Canada<\/a><\/h3>\n\t\t<div class=\"wpb_accordion_content ui-accordion-content vc_clearfix\">\n\t\t\t\n\t<div class=\"wpb_text_column wpb_content_element \">\n\t\t<div class=\"ewf-wrapper\">\n\t\t\t<p>L&#8217;<strong>Agence du revenu du Canada<\/strong> (ARC) applique les lois fiscales pour le gouvernement du Canada et la plupart des provinces et territoires. Elle administre \u00e9galement divers programmes de prestations et d&#8217;incitatifs sociaux et \u00e9conomiques offerts au moyen du r\u00e9gime fiscal.<\/p>\n<p>Site internet: <a title=\"Agence du revenu du Canada\" href=\"http:\/\/www.cra-arc.gc.ca\/menu-fra.html\" target=\"_blank\">www.cra-arc.gc.ca<\/a><\/p>\n\n\t\t<\/div>\n\t<\/div>\n\n\t\t<\/div>\n\t<\/div>\n\n\t<div class=\"wpb_accordion_section group\">\n\t\t<h3 class=\"wpb_accordion_header ui-accordion-header\"><a href=\"#association-de-planification-fiscale-et-financiere\">Association de planification fiscale et financi\u00e8re<\/a><\/h3>\n\t\t<div class=\"wpb_accordion_content ui-accordion-content vc_clearfix\">\n\t\t\t\n\t<div class=\"wpb_text_column wpb_content_element \">\n\t\t<div class=\"ewf-wrapper\">\n\t\t\t<p><span id=\"ctl00_cphMain_ucGeneralContent_lblContent\">L\u2019<strong>Association de planification fiscale et financi\u00e8re (APFF) <\/strong>est un organisme \u00e0 but non lucratif, ind\u00e9pendant et non gouvernemental, d\u00e9di\u00e9 \u00e0 l\u2019avancement et \u00e0 la diffusion des connaissances et \u00e0 l\u2019am\u00e9lioration des comp\u00e9tences de ses membres en mati\u00e8re de fiscalit\u00e9.<\/span><\/p>\n<p>Site internet: <a title=\"Association de planification fiscale et financi\u00e8re\" href=\"https:\/\/www.apff.org\/\" target=\"_blank\">www.apff.org<\/a><\/p>\n\n\t\t<\/div>\n\t<\/div>\n\n\t\t<\/div>\n\t<\/div>\n\n\t<div class=\"wpb_accordion_section group\">\n\t\t<h3 class=\"wpb_accordion_header ui-accordion-header\"><a href=\"#centre-quebecois-de-formation-en-fiscalite\">Centre Qu\u00e9b\u00e9cois de formation en fiscalit\u00e9<\/a><\/h3>\n\t\t<div class=\"wpb_accordion_content ui-accordion-content vc_clearfix\">\n\t\t\t\n\t<div class=\"wpb_text_column wpb_content_element \">\n\t\t<div class=\"ewf-wrapper\">\n\t\t\t<p>Le <strong>Centre qu\u00e9b\u00e9cois de formation en fiscalit\u00e9 &#8211; CQFF inc.<\/strong> est une soci\u00e9t\u00e9 priv\u00e9e de formation en fiscalit\u00e9, cr\u00e9\u00e9e en 1992, qui est vou\u00e9e \u00e0 la formation et \u00e0 l\u2019information fiscale de qualit\u00e9 sur une base concr\u00e8te et pratique.\u00a0 La vulgarisation de l\u2019information fiscale et le d\u00e9voilement des pratiques administratives des autorit\u00e9s fiscales constituent des priorit\u00e9s.<\/p>\n<p>Site internet: <a title=\"Centre qu\u00e9b\u00e9cois de formation en fiscalit\u00e9 - CQFF inc.\" href=\"http:\/\/www.cqff.com\/\" target=\"_blank\">www.cqff.com<\/a><\/p>\n\n\t\t<\/div>\n\t<\/div>\n\n\t\t<\/div>\n\t<\/div>\n\n\t<div class=\"wpb_accordion_section group\">\n\t\t<h3 class=\"wpb_accordion_header ui-accordion-header\"><a href=\"#emploi-quebec-soutien-au-travail-autonome\">Emploi Qu\u00e9bec : Soutien au travail autonome<\/a><\/h3>\n\t\t<div class=\"wpb_accordion_content ui-accordion-content vc_clearfix\">\n\t\t\t\n\t<div class=\"wpb_text_column wpb_content_element \">\n\t\t<div class=\"ewf-wrapper\">\n\t\t\t<p><strong>Emploi Qu\u00e9bec<\/strong> : Vous aimeriez cr\u00e9er votre propre entreprise ou devenir travailleuse ou travailleur autonome? Si vous \u00eates admissible au programme Soutien au travail autonome, vous pourriez obtenir une aide financi\u00e8re pour \u00e9laborer votre plan d&#8217;affaires et pour fonder votre entreprise, ou pour cr\u00e9er votre emploi.<\/p>\n<p>Section <em>Soutien au travail autonome <\/em>du site internet: <a title=\"Emploi Qu\u00e9bec : Soutien au travail autonome\" href=\"http:\/\/www.emploiquebec.gouv.qc.ca\/citoyens\/demarrer-son-entreprise\/soutien-au-travail-autonome\/\" target=\"_blank\">www.emploiquebec.gouv.qc.ca<\/a><\/p>\n\n\t\t<\/div>\n\t<\/div>\n\n\t\t<\/div>\n\t<\/div>\n\n\t<div class=\"wpb_accordion_section group\">\n\t\t<h3 class=\"wpb_accordion_header ui-accordion-header\"><a href=\"#normes-dinformation-financiere-et-de-certification-canada\">Normes d\u2019information financi\u00e8re et de certification Canada<\/a><\/h3>\n\t\t<div class=\"wpb_accordion_content ui-accordion-content vc_clearfix\">\n\t\t\t\n\t<div class=\"wpb_text_column wpb_content_element \">\n\t\t<div class=\"ewf-wrapper\">\n\t\t\t<p>Servir l\u2019int\u00e9r\u00eat public par l\u2019\u00e9tablissement de normes de comptabilit\u00e9 et d\u2019audit.<\/p>\n<p>Site internet: <a title=\"Normes d'information financi\u00e8re et de certification Canada\" href=\"http:\/\/www.nifccanada.ca\/index.aspx\" target=\"_blank\">www.nifccanada.ca<\/a><\/p>\n\n\t\t<\/div>\n\t<\/div>\n\n\t\t<\/div>\n\t<\/div>\n\n\t<div class=\"wpb_accordion_section group\">\n\t\t<h3 class=\"wpb_accordion_header ui-accordion-header\"><a href=\"#regie-du-batiment-du-quebec\">R\u00e9gie du b\u00e2timent du Qu\u00e9bec<\/a><\/h3>\n\t\t<div class=\"wpb_accordion_content ui-accordion-content vc_clearfix\">\n\t\t\t\n\t<div class=\"wpb_text_column wpb_content_element \">\n\t\t<div class=\"ewf-wrapper\">\n\t\t\t<p>Recherche d&#8217;un entrepreneur ou d&#8217;un constructeur-propri\u00e9taire dans le registre des d\u00e9tenteurs de licence RBQ.<\/p>\n<p>Site internet: <a title=\"R\u00e9gie du b\u00e2timent du Qu\u00e9bec\" href=\"http:\/\/www.rpe.rbq.gouv.qc.ca\/GIC_Public_NET\/RPE\/GIC111\/GIC111PR01RechercheEntrepreneur.aspx\" target=\"_blank\">www.rpe.rbq.gouv.qc.ca<\/a><\/p>\n\n\t\t<\/div>\n\t<\/div>\n\n\t\t<\/div>\n\t<\/div>\n\n\t<div class=\"wpb_accordion_section group\">\n\t\t<h3 class=\"wpb_accordion_header ui-accordion-header\"><a href=\"#registre-des-entreprises-du-quebec\">Registre des entreprises du Qu\u00e9bec<\/a><\/h3>\n\t\t<div class=\"wpb_accordion_content ui-accordion-content vc_clearfix\">\n\t\t\t\n\t<div class=\"wpb_text_column wpb_content_element \">\n\t\t<div class=\"ewf-wrapper\">\n\t\t\t<p>Le registre des entreprises contient de l\u2019information sur les personnes li\u00e9es \u00e0 l&#8217;administration et \u00e0 l\u2019exploitation des entreprises qui y sont immatricul\u00e9es. Ces informations sont publiques, ce qui facilite l\u2019exercice de vos droits.<\/p>\n<p>Tout citoyen peut consulter le registre gratuitement et simplement. Pour consulter le registre et obtenir des informations sur une entreprise, vous n\u2019avez qu\u2019\u00e0 acc\u00e9der au site Internet du Registraire et \u00e0 utiliser le service en ligne Rechercher une entreprise au registre.<\/p>\n<p>Site internet: <a title=\"Registre des entreprises du Qu\u00e9bec\" href=\"http:\/\/www.registreentreprises.gouv.qc.ca\/fr\/default.aspx\" target=\"_blank\">www.registreentreprises.gouv.qc.ca<\/a><\/p>\n\n\t\t<\/div>\n\t<\/div>\n\n\t\t<\/div>\n\t<\/div>\n\n\t<div class=\"wpb_accordion_section group\">\n\t\t<h3 class=\"wpb_accordion_header ui-accordion-header\"><a href=\"#reseau-des-femmes-daffaires-du-quebec\">R\u00e9seau des femmes d\u2019affaires du Qu\u00e9bec<\/a><\/h3>\n\t\t<div class=\"wpb_accordion_content ui-accordion-content vc_clearfix\">\n\t\t\t\n\t<div class=\"wpb_text_column wpb_content_element \">\n\t\t<div class=\"ewf-wrapper\">\n\t\t\t<p>En adh\u00e9rant au <strong>R\u00e9seau des Femmes d&#8217;affaires du Qu\u00e9bec<\/strong> (RFAQ), les femmes se dotent d&#8217;un outil d&#8217;une valeur exceptionnelle. Cet outil, c&#8217;est un r\u00e9seau de plus de 2 000 membres qui croient \u00e0 l&#8217;importance de tisser des relations solides pour assurer le succ\u00e8s de leur vie professionnelle. Le RFAQ accumule depuis plus de 25 ans la sagesse et l&#8217;exp\u00e9rience des femmes d&#8217;affaires de divers horizons. Sa r\u00e9putation est toujours en croissance, autant sur le plan international.<\/p>\n<p>Site internet: <a title=\"R\u00e9seau des Femmes d'affaires du Qu\u00e9bec\" href=\"http:\/\/www.rfaq.ca\/\" target=\"_blank\">www.rfaq.ca<\/a><\/p>\n\n\t\t<\/div>\n\t<\/div>\n\n\t\t<\/div>\n\t<\/div>\n\n\t<div class=\"wpb_accordion_section group\">\n\t\t<h3 class=\"wpb_accordion_header ui-accordion-header\"><a href=\"#revenu-quebec\">Revenu Qu\u00e9bec<\/a><\/h3>\n\t\t<div class=\"wpb_accordion_content ui-accordion-content vc_clearfix\">\n\t\t\t\n\t<div class=\"wpb_text_column wpb_content_element \">\n\t\t<div class=\"ewf-wrapper\">\n\t\t\t<p><strong>Revenu Qu\u00e9bec<\/strong> a la charge<\/p>\n<ul>\n<li>d&#8217;assurer la perception des imp\u00f4ts et des taxes afin que chacun paie sa juste part du financement des services publics;<\/li>\n<li>d&#8217;administrer le Programme de perception des pensions alimentaires afin d&#8217;assurer la r\u00e9gularit\u00e9 du soutien financier pr\u00e9vu auquel ont droit les enfants et les parents gardiens;<\/li>\n<li>d&#8217;administrer les programmes sociofiscaux et tout autre programme de perception et de redistribution de fonds que lui confie le gouvernement;<\/li>\n<li>d&#8217;assurer l&#8217;administration provisoire des biens non r\u00e9clam\u00e9s et leur liquidation pour en verser la valeur aux ayants droit ou, \u00e0 leur d\u00e9faut, au ministre des Finances;<\/li>\n<li>de tenir un registre public des entreprises faisant des affaires au Qu\u00e9bec et d&#8217;administrer le r\u00e9gime qu\u00e9b\u00e9cois r\u00e9gissant l&#8217;existence des personnes morales afin de contribuer \u00e0 la protection du public et des entreprises.<\/li>\n<\/ul>\n<p>Cette mission est fondamentale pour le gouvernement. Elle est la source du financement de son fonctionnement et de celui de la majorit\u00e9 des services publics.<\/p>\n<p>Site internet: <a title=\"Revenu Qu\u00e9bec\" href=\"http:\/\/www.revenuquebec.ca\/fr\/\" target=\"_blank\">www.revenuquebec.ca<\/a><\/p>\n\n\t\t<\/div>\n\t<\/div>\n\n\t\t<\/div>\n\t<\/div>\n\n\t\t<\/div>\n\t<\/div>\n<\/div><\/div><\/div><\/div><\/div><\/div>\n","protected":false},"excerpt":{"rendered":".vc_custom_1434741955807{padding-top: 30px !important;padding-bottom: 5px !important;background-color: #00899a !important;} Liens utiles pour mieux vous guider Pour obtenir plus d'information pratique, visitez notre page Documentation. Agence du revenu du Canada L'Agence du revenu du Canada (ARC) applique les lois fiscales pour le gouvernement du Canada et la plupart des provinces et territoires. Elle administre \u00e9galement divers programmes de [...]","protected":false},"author":2,"featured_media":0,"parent":27,"menu_order":2,"comment_status":"closed","ping_status":"open","template":"","meta":{"footnotes":""},"class_list":["post-31","page","type-page","status-publish","hentry"],"_links":{"self":[{"href":"https:\/\/saintonge.com\/md\/wp-json\/wp\/v2\/pages\/31","targetHints":{"allow":["GET"]}}],"collection":[{"href":"https:\/\/saintonge.com\/md\/wp-json\/wp\/v2\/pages"}],"about":[{"href":"https:\/\/saintonge.com\/md\/wp-json\/wp\/v2\/types\/page"}],"author":[{"embeddable":true,"href":"https:\/\/saintonge.com\/md\/wp-json\/wp\/v2\/users\/2"}],"replies":[{"embeddable":true,"href":"https:\/\/saintonge.com\/md\/wp-json\/wp\/v2\/comments?post=31"}],"version-history":[{"count":16,"href":"https:\/\/saintonge.com\/md\/wp-json\/wp\/v2\/pages\/31\/revisions"}],"predecessor-version":[{"id":791,"href":"https:\/\/saintonge.com\/md\/wp-json\/wp\/v2\/pages\/31\/revisions\/791"}],"up":[{"embeddable":true,"href":"https:\/\/saintonge.com\/md\/wp-json\/wp\/v2\/pages\/27"}],"wp:attachment":[{"href":"https:\/\/saintonge.com\/md\/wp-json\/wp\/v2\/media?parent=31"}],"curies":[{"name":"wp","href":"https:\/\/api.w.org\/{rel}","templated":true}]}}