{"id":9,"date":"2015-03-10T15:40:26","date_gmt":"2015-03-10T14:40:26","guid":{"rendered":"http:\/\/www.mariedesrosierscpa.com\/?page_id=9"},"modified":"2020-10-09T22:59:17","modified_gmt":"2020-10-09T21:59:17","slug":"accueil","status":"publish","type":"page","link":"https:\/\/saintonge.com\/md\/","title":{"rendered":"Accueil"},"content":{"rendered":"<div class=\"ewf-inline-style\"><style media=\"all\" type=\"text\/css\">.vc_custom_1432598167589{padding-top: 35px !important;padding-bottom: 5px !important;background-color: #00899a !important;}<\/style><\/div><div class=\"ewf-full-width-section\"><div class=\"ewf-row vc_custom_1432598167589\"><div class=\"wpb_column vc_column_container vc_col-sm-12\"><div class=\"ewf-wrapper\">[rev_slider_vc alias=&#8221;accueil-v2&#8243;]<\/div><\/div><\/div><\/div><div class=\"ewf-row\"><div class=\"wpb_column vc_column_container vc_col-sm-12\"><div class=\"ewf-wrapper\"><div class=\"horizontal-process-builder\"><ul class=\"fixed\"><li><span><i class=\"ifc-user_female2\"><\/i><\/span><div class=\"process-description\"><h5>Approche adapt\u00e9e \u00e0 vos besoins<\/h5> <p><\/p><\/div><!-- end .process-scription --><\/li><li><span><i class=\"ifc-watch\"><\/i><\/span><div class=\"process-description\"><h5>Disponibilit\u00e9<\/h5> <p><\/p><\/div><!-- end .process-scription --><\/li><li><span><i class=\"ifc-thumb_up\"><\/i><\/span><div class=\"process-description\"><h5>Int\u00e9grit\u00e9<\/h5> <p><\/p><\/div><!-- end .process-scription --><\/li><li><span><i class=\"ifc-invisible\"><\/i><\/span><div class=\"process-description\"><h5>Expertise<\/h5> <p><\/p><\/div><!-- end .process-scription --><\/li><\/ul><\/div><\/div><\/div><\/div><div class=\"ewf-inline-style\"><style media=\"all\" type=\"text\/css\">.vc_custom_1430020010447{padding-top: 30px !important;padding-bottom: 5px !important;background-color: #a60069 !important;}<\/style><\/div><div class=\"ewf-full-width-section\"><div class=\"ewf-row vc_custom_1430020010447 parallax parallax\"><div class=\"wpb_column vc_column_container vc_col-sm-12\"><div class=\"ewf-wrapper\"><div class=\"vc_row ewf-row vc_inner\"><div class=\"wpb_column vc_column_container vc_col-sm-12\"><div class=\"ewf-wrapper\">\n\t<div class=\"wpb_text_column wpb_content_element \">\n\t\t<div class=\"ewf-wrapper\">\n\t\t\t<h1 style=\"text-align: center;\"><\/h1>\n\n\t\t<\/div>\n\t<\/div>\n<\/div><\/div><\/div><\/div><\/div><\/div><\/div><div class=\"ewf-row\"><div class=\"servicescenter servicesdecalage vc_column_container vc_col-sm-6\"><div class=\"ewf-wrapper\">\r\n\t\t\t\t\t<div class=\"icon-box-3\">\r\n\t\t\t\t\t\t<i class=\"ifc-outgoing_data\"><\/i>\r\n\t\t\t\t\t\t<div class=\"icon-box-content\">\r\n\t\t\t\t\t\t\t<h3><a href=\"http:\/\/www.saintonge.com\/md\/services-comptables\/etats-financiers\/\">\u00c9tats financiers<\/a><\/h3>\r\n\t\t\t\t\t\t\t\r\n\t\t\t\t\t\t\t<p><p class=\"last text-center\"><a class=\"btn\" href=\"http:\/\/www.saintonge.com\/md\/services-comptables\/etats-financiers\/\">Lire plus<i class=\"ifc-fast_forward\"><\/i><\/a><\/p><\/p>\r\n\t\t\t\t\t\t\t\r\n\t\t\t\t\t\t<\/div><!-- end .icon-box-content -->\r\n\t\t\t\t\t<\/div><!-- end .icon-box-3 --><\/div><\/div><div class=\"servicescenter vc_column_container vc_col-sm-6\"><div class=\"ewf-wrapper\">\r\n\t\t\t\t\t<div class=\"icon-box-3\">\r\n\t\t\t\t\t\t<i class=\"ifc-plus\"><\/i>\r\n\t\t\t\t\t\t<div class=\"icon-box-content\">\r\n\t\t\t\t\t\t\t<h3><a href=\"http:\/\/www.saintonge.com\/md\/services-comptables\/fiscalite\/\">Fiscalit\u00e9<\/a><\/h3>\r\n\t\t\t\t\t\t\t\r\n\t\t\t\t\t\t\t<p><p class=\"last text-center\"><a class=\"btn\" href=\"http:\/\/www.saintonge.com\/md\/services-comptables\/fiscalite\/\">Lire plus<i class=\"ifc-fast_forward\"><\/i><\/a><\/p><\/p>\r\n\t\t\t\t\t\t\t\r\n\t\t\t\t\t\t<\/div><!-- end .icon-box-content -->\r\n\t\t\t\t\t<\/div><!-- end .icon-box-3 --><\/div><\/div><\/div><div class=\"ewf-row\"><div class=\"servicescenter servicesdecalage vc_column_container vc_col-sm-6\"><div class=\"ewf-wrapper\">\r\n\t\t\t\t\t<div class=\"icon-box-3\">\r\n\t\t\t\t\t\t<i class=\"ifc-quote\"><\/i>\r\n\t\t\t\t\t\t<div class=\"icon-box-content\">\r\n\t\t\t\t\t\t\t<h3><a href=\"http:\/\/www.saintonge.com\/md\/services-comptables\/services-conseils\/\">Services-conseils<\/a><\/h3>\r\n\t\t\t\t\t\t\t\r\n\t\t\t\t\t\t\t<p><p class=\"last text-center\"><a class=\"btn\" href=\"http:\/\/www.saintonge.com\/md\/services-comptables\/services-conseils\/\">Lire plus<i class=\"ifc-fast_forward\"><\/i><\/a><\/p><\/p>\r\n\t\t\t\t\t\t\t\r\n\t\t\t\t\t\t<\/div><!-- end .icon-box-content -->\r\n\t\t\t\t\t<\/div><!-- end .icon-box-3 --><\/div><\/div><div class=\"servicescenter vc_column_container vc_col-sm-6\"><div class=\"ewf-wrapper\">\r\n\t\t\t\t\t<div class=\"icon-box-3\">\r\n\t\t\t\t\t\t<i class=\"ifc-control_panel\"><\/i>\r\n\t\t\t\t\t\t<div class=\"icon-box-content\">\r\n\t\t\t\t\t\t\t<h3><a href=\"http:\/\/www.saintonge.com\/md\/services-comptables\/comptabilite\/\">Comptabilit\u00e9 de gestion<\/a><\/h3>\r\n\t\t\t\t\t\t\t\r\n\t\t\t\t\t\t\t<p><p class=\"last text-center\"><a class=\"btn\" href=\"http:\/\/www.saintonge.com\/md\/services-comptables\/comptabilite\/\">Lire plus<i class=\"ifc-fast_forward\"><\/i><\/a><\/p><\/p>\r\n\t\t\t\t\t\t\t\r\n\t\t\t\t\t\t<\/div><!-- end .icon-box-content -->\r\n\t\t\t\t\t<\/div><!-- end .icon-box-3 --><\/div><\/div><\/div><div class=\"ewf-row\"><div class=\"wpb_column vc_column_container vc_col-sm-12\"><div class=\"ewf-wrapper\"><div class=\"vc_row ewf-row vc_inner\"><div class=\"wpb_column vc_column_container vc_col-sm-12\"><div class=\"ewf-wrapper\"><\/div><\/div><\/div><\/div><\/div><\/div><div class=\"ewf-inline-style\"><style media=\"all\" type=\"text\/css\">.vc_custom_1439313659610{background: #f9f9f9 url(http:\/\/www.saintonge.com\/md\/wp-content\/uploads\/2015\/03\/Marie-Desrosiers-logo-accueil-v5.png?id=861) !important;}<\/style><\/div><div class=\"ewf-full-width-section\"><div class=\"ewf-row vc_custom_1439313659610 parallax parallax\" style=\"color:#757575;\"><div class=\"wpb_column vc_column_container vc_col-sm-12 vc_custom_1428008867732\"><div class=\"ewf-wrapper\"><div class=\"vc_row ewf-row vc_inner\"><div class=\"middle societedecalage grey_header vc_column_container vc_col-sm-8\"><div class=\"ewf-wrapper\"><div class=\"headline\"><h1>\u00c0 la recherche de documentation pour votre entreprise ?<\/h1><span class=\"bullet\"><\/span><\/div><\/div><\/div><div class=\"wpb_column vc_column_container vc_col-sm-4\"><div class=\"ewf-wrapper\"><a href=\"http:\/\/www.saintonge.com\/md\/ressources\/documentation\/\" class=\"btn  btn-large\" style=\"\"  ><i class=\"ifc-right2 icon-left\"><\/i><\/a><\/div><\/div><\/div><\/div><\/div><\/div><\/div>\n","protected":false},"excerpt":{"rendered":"<p>Marie Desrosiers CPA Inc offre des services en comptabilit\u00e9 et fiscalit\u00e9 personnalis\u00e9s pour la petite entreprise, depuis plus de trente ans, \u00e0 Montr\u00e9al.<\/p>\n","protected":false},"author":2,"featured_media":0,"parent":0,"menu_order":0,"comment_status":"closed","ping_status":"open","template":"","meta":{"footnotes":""},"class_list":["post-9","page","type-page","status-publish","hentry"],"_links":{"self":[{"href":"https:\/\/saintonge.com\/md\/wp-json\/wp\/v2\/pages\/9","targetHints":{"allow":["GET"]}}],"collection":[{"href":"https:\/\/saintonge.com\/md\/wp-json\/wp\/v2\/pages"}],"about":[{"href":"https:\/\/saintonge.com\/md\/wp-json\/wp\/v2\/types\/page"}],"author":[{"embeddable":true,"href":"https:\/\/saintonge.com\/md\/wp-json\/wp\/v2\/users\/2"}],"replies":[{"embeddable":true,"href":"https:\/\/saintonge.com\/md\/wp-json\/wp\/v2\/comments?post=9"}],"version-history":[{"count":102,"href":"https:\/\/saintonge.com\/md\/wp-json\/wp\/v2\/pages\/9\/revisions"}],"predecessor-version":[{"id":968,"href":"https:\/\/saintonge.com\/md\/wp-json\/wp\/v2\/pages\/9\/revisions\/968"}],"wp:attachment":[{"href":"https:\/\/saintonge.com\/md\/wp-json\/wp\/v2\/media?parent=9"}],"curies":[{"name":"wp","href":"https:\/\/api.w.org\/{rel}","templated":true}]}}